{"id":475,"date":"2019-02-19T18:35:06","date_gmt":"2019-02-19T18:35:06","guid":{"rendered":"https:\/\/drycom.com.br\/site\/?page_id=475"},"modified":"2020-11-18T12:20:25","modified_gmt":"2020-11-18T12:20:25","slug":"ipen","status":"publish","type":"page","link":"https:\/\/drycom.com.br\/site\/ipen\/","title":{"rendered":"I-PEN  \u00ae"},"content":{"rendered":"\t\t<div data-elementor-type=\"wp-post\" data-elementor-id=\"475\" class=\"elementor elementor-475\" data-elementor-settings=\"[]\">\n\t\t\t\t\t\t<div class=\"elementor-inner\">\n\t\t\t\t\t\t\t<div class=\"elementor-section-wrap\">\n\t\t\t\t\t\t\t<section class=\"elementor-section elementor-top-section elementor-element elementor-element-4b3adddf elementor-section-stretched elementor-section-boxed elementor-section-height-default elementor-section-height-default\" data-id=\"4b3adddf\" data-element_type=\"section\" data-settings=\"{&quot;stretch_section&quot;:&quot;section-stretched&quot;,&quot;background_background&quot;:&quot;classic&quot;}\">\n\t\t\t\t\t\t\t<div class=\"elementor-background-overlay\"><\/div>\n\t\t\t\t\t\t\t<div class=\"elementor-container elementor-column-gap-default\">\n\t\t\t\t\t\t\t<div class=\"elementor-row\">\n\t\t\t\t\t<div class=\"elementor-column elementor-col-100 elementor-top-column elementor-element elementor-element-53d0f3d3\" data-id=\"53d0f3d3\" data-element_type=\"column\">\n\t\t\t<div class=\"elementor-column-wrap elementor-element-populated\">\n\t\t\t\t\t\t\t<div class=\"elementor-widget-wrap\">\n\t\t\t\t\t\t<div class=\"elementor-element elementor-element-480a4a02 elementor-widget elementor-widget-heading\" data-id=\"480a4a02\" data-element_type=\"widget\" data-widget_type=\"heading.default\">\n\t\t\t\t<div class=\"elementor-widget-container\">\n\t\t\t<h2 class=\"elementor-heading-title elementor-size-default\">I-PEN\u00a0\u00ae<\/h2>\t\t<\/div>\n\t\t\t\t<\/div>\n\t\t\t\t<div class=\"elementor-element elementor-element-703e7e8c elementor-widget elementor-widget-text-editor\" data-id=\"703e7e8c\" data-element_type=\"widget\" data-widget_type=\"text-editor.default\">\n\t\t\t\t<div class=\"elementor-widget-container\">\n\t\t\t\t\t\t\t\t<div class=\"elementor-text-editor elementor-clearfix\">\n\t\t\t\t\t<p>Voc\u00ea est\u00e1 em: Home \/ I-PEN\u00a0<sup>\u00ae<\/sup><\/p>\t\t\t\t\t<\/div>\n\t\t\t\t\t\t<\/div>\n\t\t\t\t<\/div>\n\t\t\t\t\t\t<\/div>\n\t\t\t\t\t<\/div>\n\t\t<\/div>\n\t\t\t\t\t\t\t\t<\/div>\n\t\t\t\t\t<\/div>\n\t\t<\/section>\n\t\t\t\t<section class=\"elementor-section elementor-top-section elementor-element elementor-element-00e5bea elementor-section-stretched elementor-section-boxed elementor-section-height-default elementor-section-height-default\" data-id=\"00e5bea\" data-element_type=\"section\" data-settings=\"{&quot;stretch_section&quot;:&quot;section-stretched&quot;}\">\n\t\t\t\t\t\t<div class=\"elementor-container elementor-column-gap-default\">\n\t\t\t\t\t\t\t<div class=\"elementor-row\">\n\t\t\t\t\t<div class=\"elementor-column elementor-col-50 elementor-top-column elementor-element elementor-element-b3dbe1b\" data-id=\"b3dbe1b\" data-element_type=\"column\">\n\t\t\t<div class=\"elementor-column-wrap elementor-element-populated\">\n\t\t\t\t\t\t\t<div class=\"elementor-widget-wrap\">\n\t\t\t\t\t\t<div class=\"elementor-element elementor-element-eab1661 elementor-widget elementor-widget-image\" data-id=\"eab1661\" data-element_type=\"widget\" data-widget_type=\"image.default\">\n\t\t\t\t<div class=\"elementor-widget-container\">\n\t\t\t\t\t\t\t\t<div class=\"elementor-image\">\n\t\t\t\t\t\t\t\t\t\t\t\t<img width=\"640\" height=\"640\" src=\"https:\/\/drycom.com.br\/site\/wp-content\/uploads\/2019\/02\/ipen.jpg\" class=\"attachment-large size-large\" alt=\"\" loading=\"lazy\" srcset=\"https:\/\/drycom.com.br\/site\/wp-content\/uploads\/2019\/02\/ipen.jpg 640w, https:\/\/drycom.com.br\/site\/wp-content\/uploads\/2019\/02\/ipen-150x150.jpg 150w, https:\/\/drycom.com.br\/site\/wp-content\/uploads\/2019\/02\/ipen-300x300.jpg 300w\" sizes=\"(max-width: 640px) 100vw, 640px\" \/>\t\t\t\t\t\t\t\t\t\t\t\t\t\t<\/div>\n\t\t\t\t\t\t<\/div>\n\t\t\t\t<\/div>\n\t\t\t\t\t\t<\/div>\n\t\t\t\t\t<\/div>\n\t\t<\/div>\n\t\t\t\t<div class=\"elementor-column elementor-col-50 elementor-top-column elementor-element elementor-element-e4877c3\" data-id=\"e4877c3\" data-element_type=\"column\">\n\t\t\t<div class=\"elementor-column-wrap elementor-element-populated\">\n\t\t\t\t\t\t\t<div class=\"elementor-widget-wrap\">\n\t\t\t\t\t\t<div class=\"elementor-element elementor-element-a96c5dd elementor-widget elementor-widget-heading\" data-id=\"a96c5dd\" data-element_type=\"widget\" data-widget_type=\"heading.default\">\n\t\t\t\t<div class=\"elementor-widget-container\">\n\t\t\t<h2 class=\"elementor-heading-title elementor-size-default\">Como Funciona?<\/h2>\t\t<\/div>\n\t\t\t\t<\/div>\n\t\t\t\t<div class=\"elementor-element elementor-element-cba1b44 elementor-widget elementor-widget-text-editor\" data-id=\"cba1b44\" data-element_type=\"widget\" data-widget_type=\"text-editor.default\">\n\t\t\t\t<div class=\"elementor-widget-container\">\n\t\t\t\t\t\t\t\t<div class=\"elementor-text-editor elementor-clearfix\">\n\t\t\t\t\t<p>I-PEN\u00a0<sup>\u00ae<\/sup>\u00a0\u00e9 o primeiro dispositivo de diagn\u00f3stico eletr\u00f4nico de estado s\u00f3lido port\u00e1til no mundo p<span style=\"word-spacing: normal;\">ara detectar e medir indiretamente os n\u00edveis de osmolaridade do filme lacrimal associados \u00e0 Doen\u00e7a de Olho Seco:<i> Leve, moderada e grave.<\/i><\/span><\/p><ul><li><b>Medida quantitativa da osmolaridade<\/b><\/li><li><b>Resultados r\u00e1pidos e simples de usar <\/b><i>(leva menos de 5 segundos por exame.)<\/i><\/li><li><b>Resultados reprodut\u00edveis, precisos e confi\u00e1veis<\/b><\/li><li><b>Usa sensores de uso \u00fanico (SUS)<\/b><\/li><li>\u00a0<b>Port\u00e1til e leve.<\/b><\/li><\/ul>\t\t\t\t\t<\/div>\n\t\t\t\t\t\t<\/div>\n\t\t\t\t<\/div>\n\t\t\t\t\t\t<\/div>\n\t\t\t\t\t<\/div>\n\t\t<\/div>\n\t\t\t\t\t\t\t\t<\/div>\n\t\t\t\t\t<\/div>\n\t\t<\/section>\n\t\t\t\t<section class=\"elementor-section elementor-top-section elementor-element elementor-element-8f7354f elementor-section-stretched elementor-section-boxed elementor-section-height-default elementor-section-height-default\" data-id=\"8f7354f\" data-element_type=\"section\" data-settings=\"{&quot;stretch_section&quot;:&quot;section-stretched&quot;}\">\n\t\t\t\t\t\t<div class=\"elementor-container elementor-column-gap-default\">\n\t\t\t\t\t\t\t<div class=\"elementor-row\">\n\t\t\t\t\t<div class=\"elementor-column elementor-col-100 elementor-top-column elementor-element elementor-element-3ba1fda\" data-id=\"3ba1fda\" data-element_type=\"column\">\n\t\t\t<div class=\"elementor-column-wrap elementor-element-populated\">\n\t\t\t\t\t\t\t<div class=\"elementor-widget-wrap\">\n\t\t\t\t\t\t<div class=\"elementor-element elementor-element-80b03e5 elementor-widget elementor-widget-heading\" data-id=\"80b03e5\" data-element_type=\"widget\" data-widget_type=\"heading.default\">\n\t\t\t\t<div class=\"elementor-widget-container\">\n\t\t\t<h2 class=\"elementor-heading-title elementor-size-default\">I-PEN \u00ae mede a osmolaridade em segudos. <\/h2>\t\t<\/div>\n\t\t\t\t<\/div>\n\t\t\t\t<div class=\"elementor-element elementor-element-32319b0 elementor-widget elementor-widget-text-editor\" data-id=\"32319b0\" data-element_type=\"widget\" data-widget_type=\"text-editor.default\">\n\t\t\t\t<div class=\"elementor-widget-container\">\n\t\t\t\t\t\t\t\t<div class=\"elementor-text-editor elementor-clearfix\">\n\t\t\t\t\t<p>O sistema de osmolaridade I-PEN \u00ae \u00e9 um dispositivo de diagn\u00f3stico eletr\u00f4nico de estado s\u00f3lido para a medi\u00e7\u00e3o quantitativa da osmolaridade (<i>concentra\u00e7\u00e3o de sais dissolvidos em solu\u00e7\u00e3o<\/i>) de l\u00e1grimas em pacientes normais e com disfun\u00e7\u00e3o de Olho Seco.<\/p><p>O sistema de osmolaridade I-PEN \u00ae , \u00e9 usado em conjunto com os sensores de uso \u00fanico de osmolaridade (SUS) I-PEN \u00ae , fornece um m\u00e9todo r\u00e1pido e simples para determinar a osmolaridade.\u00a0 Ap\u00f3s aproximadamente 2 segundos de contato com o tecido da p\u00e1lpebra, o I-PEN \u00ae exibir\u00e1 um resultado quantitativo do teste de osmolaridade do visor de cristal l\u00edquido (LCD) em unidades de mOsms \/ L.\u00a0<\/p><p>Nenhum c\u00e1lculo \u00e9 necess\u00e1rio. O teste de osmolaridade I-PEN \u00ae utiliza uma medi\u00e7\u00e3o de imped\u00e2ncia para fornecer uma avalia\u00e7\u00e3o indireta da osmolaridade do filme lacrimal do olho.<\/p><p>O I-PEN \u00ae \u00e9 projetado para uso como um dispositivo de triagem na pr\u00e1tica tanto para pacientes com sintomas de Olho Seco quanto para todos os pacientes pr\u00e9 e p\u00f3s-cir\u00fargicos.\u00a0<\/p><p>Al\u00e9m disso, o I-PEN \u00ae \u00e9 um recurso inestim\u00e1vel para monitorar o progresso das terapias de tratamento para Olho Seco.\u00a0<\/p><p>O I-PEN \u00ae \u00e9 apenas para uso profissional de diagn\u00f3stico in-vivo.<\/p>\t\t\t\t\t<\/div>\n\t\t\t\t\t\t<\/div>\n\t\t\t\t<\/div>\n\t\t\t\t\t\t<\/div>\n\t\t\t\t\t<\/div>\n\t\t<\/div>\n\t\t\t\t\t\t\t\t<\/div>\n\t\t\t\t\t<\/div>\n\t\t<\/section>\n\t\t\t\t<section class=\"elementor-section elementor-top-section elementor-element elementor-element-042bc13 elementor-section-stretched elementor-section-boxed elementor-section-height-default elementor-section-height-default\" data-id=\"042bc13\" data-element_type=\"section\" data-settings=\"{&quot;stretch_section&quot;:&quot;section-stretched&quot;}\">\n\t\t\t\t\t\t<div class=\"elementor-container elementor-column-gap-default\">\n\t\t\t\t\t\t\t<div class=\"elementor-row\">\n\t\t\t\t\t<div class=\"elementor-column elementor-col-100 elementor-top-column elementor-element elementor-element-87964bd\" data-id=\"87964bd\" data-element_type=\"column\">\n\t\t\t<div class=\"elementor-column-wrap elementor-element-populated\">\n\t\t\t\t\t\t\t<div class=\"elementor-widget-wrap\">\n\t\t\t\t\t\t<div class=\"elementor-element elementor-element-0b948f1 elementor-widget elementor-widget-heading\" data-id=\"0b948f1\" data-element_type=\"widget\" data-widget_type=\"heading.default\">\n\t\t\t\t<div class=\"elementor-widget-container\">\n\t\t\t<h2 class=\"elementor-heading-title elementor-size-default\">Assista ao v\u00eddeo e veja como usar o I-PEN \u00ae<\/h2>\t\t<\/div>\n\t\t\t\t<\/div>\n\t\t\t\t<div class=\"elementor-element elementor-element-945b003 elementor-aspect-ratio-169 elementor-widget elementor-widget-video\" data-id=\"945b003\" data-element_type=\"widget\" data-settings=\"{&quot;video_type&quot;:&quot;vimeo&quot;,&quot;aspect_ratio&quot;:&quot;169&quot;}\" data-widget_type=\"video.default\">\n\t\t\t\t<div class=\"elementor-widget-container\">\n\t\t\t\t\t<div class=\"elementor-wrapper elementor-fit-aspect-ratio elementor-open-inline\">\n\t\t\t<iframe class=\"elementor-video-iframe\" allowfullscreen title=\"Player de V\u00eddeo vimeo\" src=\"https:\/\/player.vimeo.com\/video\/318205589?color&amp;autopause=0&amp;loop=0&amp;muted=0&amp;title=1&amp;portrait=1&amp;byline=1#t=\"><\/iframe>\t\t<\/div>\n\t\t\t\t<\/div>\n\t\t\t\t<\/div>\n\t\t\t\t\t\t<\/div>\n\t\t\t\t\t<\/div>\n\t\t<\/div>\n\t\t\t\t\t\t\t\t<\/div>\n\t\t\t\t\t<\/div>\n\t\t<\/section>\n\t\t\t\t<section class=\"elementor-section elementor-top-section elementor-element elementor-element-150b584 elementor-section-stretched elementor-section-boxed elementor-section-height-default elementor-section-height-default\" data-id=\"150b584\" data-element_type=\"section\" data-settings=\"{&quot;stretch_section&quot;:&quot;section-stretched&quot;}\">\n\t\t\t\t\t\t<div class=\"elementor-container elementor-column-gap-default\">\n\t\t\t\t\t\t\t<div class=\"elementor-row\">\n\t\t\t\t\t<div class=\"elementor-column elementor-col-50 elementor-top-column elementor-element elementor-element-7d9073e\" data-id=\"7d9073e\" data-element_type=\"column\">\n\t\t\t<div class=\"elementor-column-wrap elementor-element-populated\">\n\t\t\t\t\t\t\t<div class=\"elementor-widget-wrap\">\n\t\t\t\t\t\t<div class=\"elementor-element elementor-element-5db836b elementor-widget elementor-widget-heading\" data-id=\"5db836b\" data-element_type=\"widget\" data-widget_type=\"heading.default\">\n\t\t\t\t<div class=\"elementor-widget-container\">\n\t\t\t<h2 class=\"elementor-heading-title elementor-size-default\">O I-PEN&nbsp;\u00ae&nbsp;Requer:<\/h2>\t\t<\/div>\n\t\t\t\t<\/div>\n\t\t\t\t<div class=\"elementor-element elementor-element-129db9e elementor-widget elementor-widget-text-editor\" data-id=\"129db9e\" data-element_type=\"widget\" data-widget_type=\"text-editor.default\">\n\t\t\t\t<div class=\"elementor-widget-container\">\n\t\t\t\t\t\t\t\t<div class=\"elementor-text-editor elementor-clearfix\">\n\t\t\t\t\t<div><div><div><div><ul><li>Sensores de uso \u00fanico (SUS) vendidos separadamente.<\/li><li>Bateria de reposi\u00e7\u00e3o CR2032 (<i>dispon\u00edvel na maioria dos varejistas<\/i>).<\/li><\/ul><\/div><\/div><\/div><\/div><div><div><div><div><div><div><p><strong>Para ser utilizado em conjunto com os\u00a0sensores de uso \u00fanico\u00a0I-PEN\u00a0<sup>\u00ae<\/sup>\u00a0(SUS)<\/strong><\/p><ul><li>Projetado para uso in vivo com o Sistema de osmolaridade de marca registrada do I-PEN \u00ae.<\/li><li>Resultados precisos e confi\u00e1veis.<\/li><li>Embalagem individual para uso individual.<\/li><li>Acess\u00edvel.<\/li><li>Caixa cont\u00e9m 50 sensores.<\/li><\/ul><\/div><\/div><\/div><\/div><\/div><\/div>\t\t\t\t\t<\/div>\n\t\t\t\t\t\t<\/div>\n\t\t\t\t<\/div>\n\t\t\t\t\t\t<\/div>\n\t\t\t\t\t<\/div>\n\t\t<\/div>\n\t\t\t\t<div class=\"elementor-column elementor-col-50 elementor-top-column elementor-element elementor-element-4a31f87\" data-id=\"4a31f87\" data-element_type=\"column\">\n\t\t\t<div class=\"elementor-column-wrap elementor-element-populated\">\n\t\t\t\t\t\t\t<div class=\"elementor-widget-wrap\">\n\t\t\t\t\t\t<div class=\"elementor-element elementor-element-5ed6100 elementor-widget elementor-widget-image\" data-id=\"5ed6100\" data-element_type=\"widget\" data-widget_type=\"image.default\">\n\t\t\t\t<div class=\"elementor-widget-container\">\n\t\t\t\t\t\t\t\t<div class=\"elementor-image\">\n\t\t\t\t\t\t\t\t\t\t\t\t<img width=\"300\" height=\"248\" src=\"https:\/\/drycom.com.br\/site\/wp-content\/uploads\/2019\/02\/Picture12-2-300x248.png\" class=\"attachment-large size-large\" alt=\"\" loading=\"lazy\" \/>\t\t\t\t\t\t\t\t\t\t\t\t\t\t<\/div>\n\t\t\t\t\t\t<\/div>\n\t\t\t\t<\/div>\n\t\t\t\t\t\t<\/div>\n\t\t\t\t\t<\/div>\n\t\t<\/div>\n\t\t\t\t\t\t\t\t<\/div>\n\t\t\t\t\t<\/div>\n\t\t<\/section>\n\t\t\t\t<section class=\"elementor-section elementor-top-section elementor-element elementor-element-69a793e1 elementor-section-stretched elementor-section-boxed elementor-section-height-default elementor-section-height-default\" data-id=\"69a793e1\" data-element_type=\"section\" data-settings=\"{&quot;stretch_section&quot;:&quot;section-stretched&quot;,&quot;background_background&quot;:&quot;classic&quot;}\">\n\t\t\t\t\t\t<div class=\"elementor-container elementor-column-gap-default\">\n\t\t\t\t\t\t\t<div class=\"elementor-row\">\n\t\t\t\t\t<div class=\"elementor-column elementor-col-100 elementor-top-column elementor-element elementor-element-11793c6f\" data-id=\"11793c6f\" data-element_type=\"column\">\n\t\t\t<div class=\"elementor-column-wrap elementor-element-populated\">\n\t\t\t\t\t\t\t<div class=\"elementor-widget-wrap\">\n\t\t\t\t\t\t<div class=\"elementor-element elementor-element-14ac9517 elementor-widget elementor-widget-heading\" data-id=\"14ac9517\" data-element_type=\"widget\" data-widget_type=\"heading.default\">\n\t\t\t\t<div class=\"elementor-widget-container\">\n\t\t\t<h2 class=\"elementor-heading-title elementor-size-default\">Registro  I-PEN  \u00ae Anvisa : 81770680001<\/h2>\t\t<\/div>\n\t\t\t\t<\/div>\n\t\t\t\t<div class=\"elementor-element elementor-element-554f6d8 elementor-widget elementor-widget-heading\" data-id=\"554f6d8\" data-element_type=\"widget\" data-widget_type=\"heading.default\">\n\t\t\t\t<div class=\"elementor-widget-container\">\n\t\t\t<h2 class=\"elementor-heading-title elementor-size-default\">Registro Sensores de uso \u00fanico (SUS) Anvisa : 81770680000\n<\/h2>\t\t<\/div>\n\t\t\t\t<\/div>\n\t\t\t\t<div class=\"elementor-element elementor-element-aed954f elementor-widget elementor-widget-image\" data-id=\"aed954f\" data-element_type=\"widget\" data-widget_type=\"image.default\">\n\t\t\t\t<div class=\"elementor-widget-container\">\n\t\t\t\t\t\t\t\t<div class=\"elementor-image\">\n\t\t\t\t\t\t\t\t\t\t\t\t<img width=\"300\" height=\"278\" src=\"https:\/\/drycom.com.br\/site\/wp-content\/uploads\/2020\/11\/ANVISA-logo-BE63621131-seeklogo.com_-300x278.png\" class=\"attachment-medium size-medium\" alt=\"\" loading=\"lazy\" \/>\t\t\t\t\t\t\t\t\t\t\t\t\t\t<\/div>\n\t\t\t\t\t\t<\/div>\n\t\t\t\t<\/div>\n\t\t\t\t\t\t<\/div>\n\t\t\t\t\t<\/div>\n\t\t<\/div>\n\t\t\t\t\t\t\t\t<\/div>\n\t\t\t\t\t<\/div>\n\t\t<\/section>\n\t\t\t\t\t\t<\/div>\n\t\t\t\t\t\t<\/div>\n\t\t\t\t\t<\/div>\n\t\t","protected":false},"excerpt":{"rendered":"<p>I-PEN\u00a0\u00ae Voc\u00ea est\u00e1 em: Home \/ I-PEN\u00a0\u00ae Como Funciona? I-PEN\u00a0\u00ae\u00a0\u00e9 o primeiro dispositivo de diagn\u00f3stico eletr\u00f4nico de estado s\u00f3lido port\u00e1til no mundo para detectar e medir indiretamente os n\u00edveis de osmolaridade do filme lacrimal associados \u00e0 Doen\u00e7a de Olho Seco: Leve, moderada e grave. Medida quantitativa da osmolaridade Resultados r\u00e1pidos e simples de usar (leva&hellip;<\/p>\n","protected":false},"author":1,"featured_media":0,"parent":0,"menu_order":0,"comment_status":"closed","ping_status":"closed","template":"","meta":[],"_links":{"self":[{"href":"https:\/\/drycom.com.br\/site\/wp-json\/wp\/v2\/pages\/475"}],"collection":[{"href":"https:\/\/drycom.com.br\/site\/wp-json\/wp\/v2\/pages"}],"about":[{"href":"https:\/\/drycom.com.br\/site\/wp-json\/wp\/v2\/types\/page"}],"author":[{"embeddable":true,"href":"https:\/\/drycom.com.br\/site\/wp-json\/wp\/v2\/users\/1"}],"replies":[{"embeddable":true,"href":"https:\/\/drycom.com.br\/site\/wp-json\/wp\/v2\/comments?post=475"}],"version-history":[{"count":25,"href":"https:\/\/drycom.com.br\/site\/wp-json\/wp\/v2\/pages\/475\/revisions"}],"predecessor-version":[{"id":1408,"href":"https:\/\/drycom.com.br\/site\/wp-json\/wp\/v2\/pages\/475\/revisions\/1408"}],"wp:attachment":[{"href":"https:\/\/drycom.com.br\/site\/wp-json\/wp\/v2\/media?parent=475"}],"curies":[{"name":"wp","href":"https:\/\/api.w.org\/{rel}","templated":true}]}}