{"id":463,"date":"2019-02-19T17:36:17","date_gmt":"2019-02-19T17:36:17","guid":{"rendered":"https:\/\/drycom.com.br\/site\/?page_id=463"},"modified":"2020-11-18T12:22:46","modified_gmt":"2020-11-18T12:22:46","slug":"smtube","status":"publish","type":"page","link":"https:\/\/drycom.com.br\/site\/smtube\/","title":{"rendered":"SMTube \u00ae"},"content":{"rendered":"\t\t<div data-elementor-type=\"wp-post\" data-elementor-id=\"463\" class=\"elementor elementor-463\" data-elementor-settings=\"[]\">\n\t\t\t\t\t\t<div class=\"elementor-inner\">\n\t\t\t\t\t\t\t<div class=\"elementor-section-wrap\">\n\t\t\t\t\t\t\t<section class=\"elementor-section elementor-top-section elementor-element elementor-element-4b3adddf elementor-section-stretched elementor-section-boxed elementor-section-height-default elementor-section-height-default\" data-id=\"4b3adddf\" data-element_type=\"section\" data-settings=\"{&quot;stretch_section&quot;:&quot;section-stretched&quot;,&quot;background_background&quot;:&quot;classic&quot;}\">\n\t\t\t\t\t\t\t<div class=\"elementor-background-overlay\"><\/div>\n\t\t\t\t\t\t\t<div class=\"elementor-container elementor-column-gap-default\">\n\t\t\t\t\t\t\t<div class=\"elementor-row\">\n\t\t\t\t\t<div class=\"elementor-column elementor-col-100 elementor-top-column elementor-element elementor-element-53d0f3d3\" data-id=\"53d0f3d3\" data-element_type=\"column\">\n\t\t\t<div class=\"elementor-column-wrap elementor-element-populated\">\n\t\t\t\t\t\t\t<div class=\"elementor-widget-wrap\">\n\t\t\t\t\t\t<div class=\"elementor-element elementor-element-480a4a02 elementor-widget elementor-widget-heading\" data-id=\"480a4a02\" data-element_type=\"widget\" data-widget_type=\"heading.default\">\n\t\t\t\t<div class=\"elementor-widget-container\">\n\t\t\t<h2 class=\"elementor-heading-title elementor-size-default\"> SMTube\u00a0\u00ae<\/h2>\t\t<\/div>\n\t\t\t\t<\/div>\n\t\t\t\t<div class=\"elementor-element elementor-element-703e7e8c elementor-widget elementor-widget-text-editor\" data-id=\"703e7e8c\" data-element_type=\"widget\" data-widget_type=\"text-editor.default\">\n\t\t\t\t<div class=\"elementor-widget-container\">\n\t\t\t\t\t\t\t\t<div class=\"elementor-text-editor elementor-clearfix\">\n\t\t\t\t\t<p>Voc\u00ea est\u00e1 em: Home \/ SMTube\u00a0<sup>\u00ae<\/sup><\/p>\t\t\t\t\t<\/div>\n\t\t\t\t\t\t<\/div>\n\t\t\t\t<\/div>\n\t\t\t\t\t\t<\/div>\n\t\t\t\t\t<\/div>\n\t\t<\/div>\n\t\t\t\t\t\t\t\t<\/div>\n\t\t\t\t\t<\/div>\n\t\t<\/section>\n\t\t\t\t<section class=\"elementor-section elementor-top-section elementor-element elementor-element-00e5bea elementor-section-stretched elementor-section-boxed elementor-section-height-default elementor-section-height-default\" data-id=\"00e5bea\" data-element_type=\"section\" data-settings=\"{&quot;stretch_section&quot;:&quot;section-stretched&quot;}\">\n\t\t\t\t\t\t<div class=\"elementor-container elementor-column-gap-default\">\n\t\t\t\t\t\t\t<div class=\"elementor-row\">\n\t\t\t\t\t<div class=\"elementor-column elementor-col-50 elementor-top-column elementor-element elementor-element-b3dbe1b\" data-id=\"b3dbe1b\" data-element_type=\"column\">\n\t\t\t<div class=\"elementor-column-wrap elementor-element-populated\">\n\t\t\t\t\t\t\t<div class=\"elementor-widget-wrap\">\n\t\t\t\t\t\t<div class=\"elementor-element elementor-element-eab1661 elementor-widget elementor-widget-image\" data-id=\"eab1661\" data-element_type=\"widget\" data-widget_type=\"image.default\">\n\t\t\t\t<div class=\"elementor-widget-container\">\n\t\t\t\t\t\t\t\t<div class=\"elementor-image\">\n\t\t\t\t\t\t\t\t\t\t\t\t<img width=\"640\" height=\"640\" src=\"https:\/\/drycom.com.br\/site\/wp-content\/uploads\/2019\/02\/smtube.jpg\" class=\"attachment-large size-large\" alt=\"\" loading=\"lazy\" srcset=\"https:\/\/drycom.com.br\/site\/wp-content\/uploads\/2019\/02\/smtube.jpg 640w, https:\/\/drycom.com.br\/site\/wp-content\/uploads\/2019\/02\/smtube-150x150.jpg 150w, https:\/\/drycom.com.br\/site\/wp-content\/uploads\/2019\/02\/smtube-300x300.jpg 300w\" sizes=\"(max-width: 640px) 100vw, 640px\" \/>\t\t\t\t\t\t\t\t\t\t\t\t\t\t<\/div>\n\t\t\t\t\t\t<\/div>\n\t\t\t\t<\/div>\n\t\t\t\t\t\t<\/div>\n\t\t\t\t\t<\/div>\n\t\t<\/div>\n\t\t\t\t<div class=\"elementor-column elementor-col-50 elementor-top-column elementor-element elementor-element-e4877c3\" data-id=\"e4877c3\" data-element_type=\"column\">\n\t\t\t<div class=\"elementor-column-wrap elementor-element-populated\">\n\t\t\t\t\t\t\t<div class=\"elementor-widget-wrap\">\n\t\t\t\t\t\t<div class=\"elementor-element elementor-element-a96c5dd elementor-widget elementor-widget-heading\" data-id=\"a96c5dd\" data-element_type=\"widget\" data-widget_type=\"heading.default\">\n\t\t\t\t<div class=\"elementor-widget-container\">\n\t\t\t<h2 class=\"elementor-heading-title elementor-size-default\">Como Funciona?<\/h2>\t\t<\/div>\n\t\t\t\t<\/div>\n\t\t\t\t<div class=\"elementor-element elementor-element-cba1b44 elementor-widget elementor-widget-text-editor\" data-id=\"cba1b44\" data-element_type=\"widget\" data-widget_type=\"text-editor.default\">\n\t\t\t\t<div class=\"elementor-widget-container\">\n\t\t\t\t\t\t\t\t<div class=\"elementor-text-editor elementor-clearfix\">\n\t\t\t\t\t<p>O SMTube\u00a0\u00ae\u00a0\u00e9 um teste r\u00e1pido e f\u00e1cil para medir o volume de l\u00e1grimas produzido.\u00a0 Esta medi\u00e7\u00e3o quantitativa fornece informa\u00e7\u00f5es importantes sobre a efic\u00e1cia do sistema lacrimal do paciente como parte de um protocolo completo de diagn\u00f3stico de Olho Seco.\u00a0<\/p><p>Para avaliar a capacidade de absor\u00e7\u00e3o lacrimal confirmaram que o desvio padr\u00e3o do dispositivo permaneceu dentro de \u00b1 1,2 mm no que \u00e9 preciso o suficiente para avaliar os volumes de l\u00e1grima<\/p><ul><li>Teste de meniscografia para medir o volume de l\u00e1grimas<\/li><li>R\u00e1pido e confi\u00e1vel (5 segundos por olho)<\/li><li>N\u00e3o invasivo (n\u00e3o requer anestesia)<\/li><li>Apenas para uso profissional em diagn\u00f3stico in vivo.<\/li><li>A Caixa cont\u00e9m 50 tiras de teste para ambos os olhos.<\/li><\/ul>\t\t\t\t\t<\/div>\n\t\t\t\t\t\t<\/div>\n\t\t\t\t<\/div>\n\t\t\t\t\t\t<\/div>\n\t\t\t\t\t<\/div>\n\t\t<\/div>\n\t\t\t\t\t\t\t\t<\/div>\n\t\t\t\t\t<\/div>\n\t\t<\/section>\n\t\t\t\t<section class=\"elementor-section elementor-top-section elementor-element elementor-element-8f7354f elementor-section-stretched elementor-section-boxed elementor-section-height-default elementor-section-height-default\" data-id=\"8f7354f\" data-element_type=\"section\" data-settings=\"{&quot;stretch_section&quot;:&quot;section-stretched&quot;}\">\n\t\t\t\t\t\t<div class=\"elementor-container elementor-column-gap-default\">\n\t\t\t\t\t\t\t<div class=\"elementor-row\">\n\t\t\t\t\t<div class=\"elementor-column elementor-col-100 elementor-top-column elementor-element elementor-element-3ba1fda\" data-id=\"3ba1fda\" data-element_type=\"column\">\n\t\t\t<div class=\"elementor-column-wrap elementor-element-populated\">\n\t\t\t\t\t\t\t<div class=\"elementor-widget-wrap\">\n\t\t\t\t\t\t<div class=\"elementor-element elementor-element-80b03e5 elementor-widget elementor-widget-heading\" data-id=\"80b03e5\" data-element_type=\"widget\" data-widget_type=\"heading.default\">\n\t\t\t\t<div class=\"elementor-widget-container\">\n\t\t\t<h2 class=\"elementor-heading-title elementor-size-default\">Como usar:<\/h2>\t\t<\/div>\n\t\t\t\t<\/div>\n\t\t\t\t<div class=\"elementor-element elementor-element-32319b0 elementor-widget elementor-widget-text-editor\" data-id=\"32319b0\" data-element_type=\"widget\" data-widget_type=\"text-editor.default\">\n\t\t\t\t<div class=\"elementor-widget-container\">\n\t\t\t\t\t\t\t\t<div class=\"elementor-text-editor elementor-clearfix\">\n\t\t\t\t\t<div class=\"vc_empty_space\"><span style=\"word-spacing: normal;\">1. Abra cuidadosamente a embalagem est\u00e9ril e transparente em qualquer uma das extremidades da embalagem, para n\u00e3o danificar o dispositivo.<\/span><\/div><div>\u00a0<\/div><div class=\"vc_row wpb_row vc_inner vc_row-fluid vc_row-o-content-middle vc_row-flex\"><div class=\"wpb_column vc_column_container vc_col-sm-6\"><div class=\"vc_column-inner \"><div class=\"wpb_wrapper\"><div class=\"wpb_text_column wpb_content_element \"><div class=\"wpb_wrapper\"><p>2. Segurar no centro de SMTube\u00a0<sup>\u00ae<\/sup>\u00a0retire, conforme indicado no diagrama para a direita.\u00a0N\u00e3o toque nas pontas da tira que cont\u00e9m a \u00e1rea de corante azul.<\/p><\/div><\/div><\/div><\/div><\/div><div class=\"wpb_column vc_column_container vc_col-sm-6\"><div class=\"vc_column-inner \"><div class=\"wpb_wrapper\"><div id=\"w50\" class=\"wpb_single_image wpb_content_element vc_align_right\"><figure class=\"wpb_wrapper vc_figure\"><div class=\"vc_single_image-wrapper vc_box_border_grey\"><img loading=\"lazy\" class=\"vc_single_image-img attachment-full aligncenter\" src=\"https:\/\/imedpharma.com\/wp-content\/uploads\/2018\/02\/IMEDPharma_Web_SMTube_Illustrations_750x350_1.Removal.png\" sizes=\"(max-width: 750px) 100vw, 750px\" srcset=\"https:\/\/imedpharma.com\/wp-content\/uploads\/2018\/02\/IMEDPharma_Web_SMTube_Illustrations_750x350_1.Removal.png 750w, https:\/\/imedpharma.com\/wp-content\/uploads\/2018\/02\/IMEDPharma_Web_SMTube_Illustrations_750x350_1.Removal-300x140.png 300w\" alt=\"\" width=\"750\" height=\"350\" \/><\/div><\/figure><\/div><\/div><\/div><\/div><\/div><div class=\"vc_row wpb_row vc_inner vc_row-fluid vc_row-o-content-middle vc_row-flex\"><div class=\"wpb_column vc_column_container vc_col-sm-6\"><div class=\"vc_column-inner \"><div class=\"wpb_wrapper\"><div class=\"wpb_text_column wpb_content_element \"><div class=\"wpb_wrapper\"><p>3. Aplique a ponta do SMTube\u00a0<sup>\u00ae\u00a0 <\/sup>Use a ponta do lado com marca R no olho direito por 5 segundos no menisco lateral da p\u00e1lpebra inferior da p\u00e1lpebra sem tocar na c\u00f3rnea e na conjuntiva.<\/p><\/div><\/div><\/div><\/div><\/div><div class=\"wpb_column vc_column_container vc_col-sm-6\"><div class=\"vc_column-inner \"><div class=\"wpb_wrapper\"><div id=\"w50\" class=\"wpb_single_image wpb_content_element vc_align_right\"><figure class=\"wpb_wrapper vc_figure\"><div class=\"vc_single_image-wrapper vc_box_border_grey\"><img loading=\"lazy\" class=\"vc_single_image-img attachment-full aligncenter\" src=\"https:\/\/imedpharma.com\/wp-content\/uploads\/2018\/02\/IMEDPharma_Web_SMTube_Illustrations_750x350_3.Do-Dont-Tear.png\" sizes=\"(max-width: 750px) 100vw, 750px\" srcset=\"https:\/\/imedpharma.com\/wp-content\/uploads\/2018\/02\/IMEDPharma_Web_SMTube_Illustrations_750x350_3.Do-Dont-Tear.png 750w, https:\/\/imedpharma.com\/wp-content\/uploads\/2018\/02\/IMEDPharma_Web_SMTube_Illustrations_750x350_3.Do-Dont-Tear-300x140.png 300w\" alt=\"\" width=\"750\" height=\"350\" \/><\/div><\/figure><\/div><div class=\"wpb_text_column wpb_content_element \"><div class=\"wpb_wrapper\"><p>Contato com l\u00e1grima<\/p><\/div><\/div><div id=\"w50\" class=\"wpb_single_image wpb_content_element vc_align_right\"><figure class=\"wpb_wrapper vc_figure\"><div class=\"vc_single_image-wrapper vc_box_border_grey\"><img loading=\"lazy\" class=\"vc_single_image-img attachment-full aligncenter\" src=\"https:\/\/imedpharma.com\/wp-content\/uploads\/2018\/02\/IMEDPharma_Web_SMTube_Illustrations_750x350_4.Do-DontCornea.png\" sizes=\"(max-width: 750px) 100vw, 750px\" srcset=\"https:\/\/imedpharma.com\/wp-content\/uploads\/2018\/02\/IMEDPharma_Web_SMTube_Illustrations_750x350_4.Do-DontCornea.png 750w, https:\/\/imedpharma.com\/wp-content\/uploads\/2018\/02\/IMEDPharma_Web_SMTube_Illustrations_750x350_4.Do-DontCornea-300x140.png 300w\" alt=\"\" width=\"750\" height=\"350\" \/><\/div><\/figure><\/div><div class=\"wpb_text_column wpb_content_element \"><div class=\"wpb_wrapper\"><p>Evite tocar na c\u00f3rnea<\/p><\/div><\/div><\/div><\/div><\/div><\/div><div class=\"vc_row wpb_row vc_inner vc_row-fluid vc_row-o-content-middle vc_row-flex\"><div class=\"wpb_column vc_column_container vc_col-sm-6\"><div class=\"vc_column-inner \"><div class=\"wpb_wrapper\"><div class=\"wpb_text_column wpb_content_element \"><div class=\"wpb_wrapper\"><p>4. Me\u00e7a o comprimento da coluna de l\u00e1grima manchada, marcado com uma caneta.\u00a0Uma leitura de 5mm \u00e9 normal, valores abaixo de 5 mm indica defici\u00eancia aquosa.\u00a0<\/p><\/div><\/div><\/div><\/div><\/div><div class=\"wpb_column vc_column_container vc_col-sm-6\"><div class=\"vc_column-inner \"><div class=\"wpb_wrapper\"><div id=\"w50\" class=\"wpb_single_image wpb_content_element vc_align_right\"><figure class=\"wpb_wrapper vc_figure\"><div class=\"vc_single_image-wrapper vc_box_border_grey\"><img loading=\"lazy\" class=\"vc_single_image-img attachment-full aligncenter\" src=\"https:\/\/imedpharma.com\/wp-content\/uploads\/2018\/02\/IMEDPharma_Web_SMTube_Illustrations_750x350_2.MarkUp.png\" sizes=\"(max-width: 750px) 100vw, 750px\" srcset=\"https:\/\/imedpharma.com\/wp-content\/uploads\/2018\/02\/IMEDPharma_Web_SMTube_Illustrations_750x350_2.MarkUp.png 750w, https:\/\/imedpharma.com\/wp-content\/uploads\/2018\/02\/IMEDPharma_Web_SMTube_Illustrations_750x350_2.MarkUp-300x140.png 300w\" alt=\"\" width=\"750\" height=\"350\" \/><\/div><\/figure><\/div><\/div><\/div><\/div><\/div><div class=\"vc_row wpb_row vc_inner vc_row-fluid\"><div class=\"wpb_column vc_column_container vc_col-sm-12\"><div class=\"vc_column-inner \"><div class=\"wpb_wrapper\"><div class=\"wpb_text_column wpb_content_element \"><div class=\"wpb_wrapper\"><p>5. Repita o procedimento com o lado L no Olho Esquerdo<\/p><\/div><\/div><\/div><\/div><\/div><\/div>\t\t\t\t\t<\/div>\n\t\t\t\t\t\t<\/div>\n\t\t\t\t<\/div>\n\t\t\t\t\t\t<\/div>\n\t\t\t\t\t<\/div>\n\t\t<\/div>\n\t\t\t\t\t\t\t\t<\/div>\n\t\t\t\t\t<\/div>\n\t\t<\/section>\n\t\t\t\t<section class=\"elementor-section elementor-top-section elementor-element elementor-element-e4a1d9 elementor-section-stretched elementor-section-boxed elementor-section-height-default elementor-section-height-default\" data-id=\"e4a1d9\" data-element_type=\"section\" data-settings=\"{&quot;stretch_section&quot;:&quot;section-stretched&quot;,&quot;background_background&quot;:&quot;classic&quot;}\">\n\t\t\t\t\t\t<div class=\"elementor-container elementor-column-gap-default\">\n\t\t\t\t\t\t\t<div class=\"elementor-row\">\n\t\t\t\t\t<div class=\"elementor-column elementor-col-100 elementor-top-column elementor-element elementor-element-648e2783\" data-id=\"648e2783\" data-element_type=\"column\">\n\t\t\t<div class=\"elementor-column-wrap elementor-element-populated\">\n\t\t\t\t\t\t\t<div class=\"elementor-widget-wrap\">\n\t\t\t\t\t\t<div class=\"elementor-element elementor-element-476c735b elementor-widget elementor-widget-heading\" data-id=\"476c735b\" data-element_type=\"widget\" data-widget_type=\"heading.default\">\n\t\t\t\t<div class=\"elementor-widget-container\">\n\t\t\t<h2 class=\"elementor-heading-title elementor-size-default\">Registro SMTube \u00ae Anvisa : 81770680004<\/h2>\t\t<\/div>\n\t\t\t\t<\/div>\n\t\t\t\t<div class=\"elementor-element elementor-element-755fa49e elementor-widget elementor-widget-image\" data-id=\"755fa49e\" data-element_type=\"widget\" data-widget_type=\"image.default\">\n\t\t\t\t<div class=\"elementor-widget-container\">\n\t\t\t\t\t\t\t\t<div class=\"elementor-image\">\n\t\t\t\t\t\t\t\t\t\t\t\t<img width=\"300\" height=\"278\" src=\"https:\/\/drycom.com.br\/site\/wp-content\/uploads\/2020\/11\/ANVISA-logo-BE63621131-seeklogo.com_.png\" class=\"attachment-large size-large\" alt=\"\" loading=\"lazy\" \/>\t\t\t\t\t\t\t\t\t\t\t\t\t\t<\/div>\n\t\t\t\t\t\t<\/div>\n\t\t\t\t<\/div>\n\t\t\t\t\t\t<\/div>\n\t\t\t\t\t<\/div>\n\t\t<\/div>\n\t\t\t\t\t\t\t\t<\/div>\n\t\t\t\t\t<\/div>\n\t\t<\/section>\n\t\t\t\t\t\t<\/div>\n\t\t\t\t\t\t<\/div>\n\t\t\t\t\t<\/div>\n\t\t","protected":false},"excerpt":{"rendered":"<p>SMTube\u00a0\u00ae Voc\u00ea est\u00e1 em: Home \/ SMTube\u00a0\u00ae Como Funciona? O SMTube\u00a0\u00ae\u00a0\u00e9 um teste r\u00e1pido e f\u00e1cil para medir o volume de l\u00e1grimas produzido.\u00a0 Esta medi\u00e7\u00e3o quantitativa fornece informa\u00e7\u00f5es importantes sobre a efic\u00e1cia do sistema lacrimal do paciente como parte de um protocolo completo de diagn\u00f3stico de Olho Seco.\u00a0 Para avaliar a capacidade de absor\u00e7\u00e3o lacrimal&hellip;<\/p>\n","protected":false},"author":1,"featured_media":0,"parent":0,"menu_order":0,"comment_status":"closed","ping_status":"closed","template":"","meta":[],"_links":{"self":[{"href":"https:\/\/drycom.com.br\/site\/wp-json\/wp\/v2\/pages\/463"}],"collection":[{"href":"https:\/\/drycom.com.br\/site\/wp-json\/wp\/v2\/pages"}],"about":[{"href":"https:\/\/drycom.com.br\/site\/wp-json\/wp\/v2\/types\/page"}],"author":[{"embeddable":true,"href":"https:\/\/drycom.com.br\/site\/wp-json\/wp\/v2\/users\/1"}],"replies":[{"embeddable":true,"href":"https:\/\/drycom.com.br\/site\/wp-json\/wp\/v2\/comments?post=463"}],"version-history":[{"count":17,"href":"https:\/\/drycom.com.br\/site\/wp-json\/wp\/v2\/pages\/463\/revisions"}],"predecessor-version":[{"id":1410,"href":"https:\/\/drycom.com.br\/site\/wp-json\/wp\/v2\/pages\/463\/revisions\/1410"}],"wp:attachment":[{"href":"https:\/\/drycom.com.br\/site\/wp-json\/wp\/v2\/media?parent=463"}],"curies":[{"name":"wp","href":"https:\/\/api.w.org\/{rel}","templated":true}]}}