{"id":3157,"date":"2023-01-20T22:39:51","date_gmt":"2023-01-20T22:39:51","guid":{"rendered":"https:\/\/drycom.com.br\/site\/?page_id=3157"},"modified":"2023-04-02T23:29:40","modified_gmt":"2023-04-02T23:29:40","slug":"oculight-gl","status":"publish","type":"page","link":"https:\/\/drycom.com.br\/site\/iridex-produtos\/oculight-gl\/","title":{"rendered":"OcuLight GL"},"content":{"rendered":"\t\t<div data-elementor-type=\"wp-page\" data-elementor-id=\"3157\" class=\"elementor elementor-3157\" data-elementor-settings=\"[]\">\n\t\t\t\t\t\t<div class=\"elementor-inner\">\n\t\t\t\t\t\t\t<div class=\"elementor-section-wrap\">\n\t\t\t\t\t\t\t<section class=\"elementor-section elementor-top-section elementor-element elementor-element-e9e8a34 elementor-section-height-full elementor-section-stretched elementor-section-boxed elementor-section-height-default elementor-section-items-middle\" data-id=\"e9e8a34\" data-element_type=\"section\" data-settings=\"{&quot;background_background&quot;:&quot;classic&quot;,&quot;stretch_section&quot;:&quot;section-stretched&quot;}\">\n\t\t\t\t\t\t\t<div class=\"elementor-background-overlay\"><\/div>\n\t\t\t\t\t\t\t<div class=\"elementor-container elementor-column-gap-default\">\n\t\t\t\t\t\t\t<div class=\"elementor-row\">\n\t\t\t\t\t<div class=\"elementor-column elementor-col-100 elementor-top-column elementor-element elementor-element-c9af2f1\" data-id=\"c9af2f1\" data-element_type=\"column\">\n\t\t\t<div class=\"elementor-column-wrap elementor-element-populated\">\n\t\t\t\t\t\t\t<div class=\"elementor-widget-wrap\">\n\t\t\t\t\t\t<div class=\"elementor-element elementor-element-ee374f9 elementor-widget elementor-widget-heading\" data-id=\"ee374f9\" data-element_type=\"widget\" data-widget_type=\"heading.default\">\n\t\t\t\t<div class=\"elementor-widget-container\">\n\t\t\t<h2 class=\"elementor-heading-title elementor-size-default\">OcuLight\u2122 GL<\/h2>\t\t<\/div>\n\t\t\t\t<\/div>\n\t\t\t\t<div class=\"elementor-element elementor-element-519776e elementor-widget elementor-widget-heading\" data-id=\"519776e\" data-element_type=\"widget\" data-widget_type=\"heading.default\">\n\t\t\t\t<div class=\"elementor-widget-container\">\n\t\t\t<h2 class=\"elementor-heading-title elementor-size-default\">Para fotocoagula\u00e7\u00e3o retiniana e trabeculoplastia a laser.<\/h2>\t\t<\/div>\n\t\t\t\t<\/div>\n\t\t\t\t<div class=\"elementor-element elementor-element-edf7270 elementor-widget elementor-widget-image\" data-id=\"edf7270\" data-element_type=\"widget\" data-widget_type=\"image.default\">\n\t\t\t\t<div class=\"elementor-widget-container\">\n\t\t\t\t\t\t\t\t<div class=\"elementor-image\">\n\t\t\t\t\t\t\t\t\t\t\t\t<img width=\"1278\" height=\"658\" src=\"https:\/\/drycom.com.br\/site\/wp-content\/uploads\/2023\/01\/Oculight-GL.jpg\" class=\"attachment-full size-full\" alt=\"\" loading=\"lazy\" srcset=\"https:\/\/drycom.com.br\/site\/wp-content\/uploads\/2023\/01\/Oculight-GL.jpg 1278w, https:\/\/drycom.com.br\/site\/wp-content\/uploads\/2023\/01\/Oculight-GL-300x154.jpg 300w, https:\/\/drycom.com.br\/site\/wp-content\/uploads\/2023\/01\/Oculight-GL-1024x527.jpg 1024w, https:\/\/drycom.com.br\/site\/wp-content\/uploads\/2023\/01\/Oculight-GL-768x395.jpg 768w\" sizes=\"(max-width: 1278px) 100vw, 1278px\" \/>\t\t\t\t\t\t\t\t\t\t\t\t\t\t<\/div>\n\t\t\t\t\t\t<\/div>\n\t\t\t\t<\/div>\n\t\t\t\t\t\t<\/div>\n\t\t\t\t\t<\/div>\n\t\t<\/div>\n\t\t\t\t\t\t\t\t<\/div>\n\t\t\t\t\t<\/div>\n\t\t<\/section>\n\t\t\t\t<section class=\"elementor-section elementor-top-section elementor-element elementor-element-b0cb6c0 elementor-section-full_width elementor-section-stretched elementor-section-height-default elementor-section-height-default\" data-id=\"b0cb6c0\" data-element_type=\"section\" data-settings=\"{&quot;background_background&quot;:&quot;classic&quot;,&quot;stretch_section&quot;:&quot;section-stretched&quot;}\">\n\t\t\t\t\t\t<div class=\"elementor-container elementor-column-gap-default\">\n\t\t\t\t\t\t\t<div class=\"elementor-row\">\n\t\t\t\t\t<div class=\"elementor-column elementor-col-50 elementor-top-column elementor-element elementor-element-9676983\" data-id=\"9676983\" data-element_type=\"column\" data-settings=\"{&quot;background_background&quot;:&quot;classic&quot;}\">\n\t\t\t<div class=\"elementor-column-wrap elementor-element-populated\">\n\t\t\t\t\t\t\t<div class=\"elementor-widget-wrap\">\n\t\t\t\t\t\t<section class=\"elementor-section elementor-top-section elementor-element elementor-element-3fdeb23 elementor-section-boxed elementor-section-height-default elementor-section-height-default\" data-id=\"3fdeb23\" data-element_type=\"section\">\n\t\t\t\t\t\t<div class=\"elementor-container elementor-column-gap-default\">\n\t\t\t\t\t\t\t<div class=\"elementor-row\">\n\t\t\t\t\t<div class=\"elementor-column elementor-col-100 elementor-top-column elementor-element elementor-element-a822980\" data-id=\"a822980\" data-element_type=\"column\">\n\t\t\t<div class=\"elementor-column-wrap elementor-element-populated\">\n\t\t\t\t\t\t\t<div class=\"elementor-widget-wrap\">\n\t\t\t\t\t\t<div class=\"elementor-element elementor-element-8867b83 elementor-widget elementor-widget-heading\" data-id=\"8867b83\" data-element_type=\"widget\" data-widget_type=\"heading.default\">\n\t\t\t\t<div class=\"elementor-widget-container\">\n\t\t\t<h2 class=\"elementor-heading-title elementor-size-default\">OcuLight GL s\u00e3o lasers de estado s\u00f3lido que fornecem verdadeira luz laser verde de onda cont\u00ednua para aplica\u00e7\u00f5es oft\u00e1lmicas. <\/h2>\t\t<\/div>\n\t\t\t\t<\/div>\n\t\t\t\t<div class=\"elementor-element elementor-element-af62b71 elementor-widget elementor-widget-text-editor\" data-id=\"af62b71\" data-element_type=\"widget\" data-widget_type=\"text-editor.default\">\n\t\t\t\t<div class=\"elementor-widget-container\">\n\t\t\t\t\t\t\t\t<div class=\"elementor-text-editor elementor-clearfix\">\n\t\t\t\t\t<p>Os OcuLight GL tamb\u00e9m s\u00e3o indicados para aplica\u00e7\u00f5es otorrinolaringol\u00f3gicas. O uso inadequado do sistema de laser pode resultar em efeitos adversos.\u00a0<\/p><p>A fam\u00edlia OcuLight de fotocoaguladores a laser verde inclui o OcuLight GL. Usando a mais recente tecnologia de estado s\u00f3lido, esses lasers emitem luz verde de onda cont\u00ednua verdadeira (TrueCW\u2122) a 532 nm. A tecnologia de estado s\u00f3lido patenteada oferece confiabilidade insuper\u00e1vel, v\u00e1rias op\u00e7\u00f5es de dispositivos de entrega maximizam a versatilidade, o tamanho compacto permite f\u00e1cil transporte entre escrit\u00f3rios e o design avan\u00e7ado minimiza a manuten\u00e7\u00e3o de rotina do laser.<\/p>\t\t\t\t\t<\/div>\n\t\t\t\t\t\t<\/div>\n\t\t\t\t<\/div>\n\t\t\t\t\t\t<\/div>\n\t\t\t\t\t<\/div>\n\t\t<\/div>\n\t\t\t\t\t\t\t\t<\/div>\n\t\t\t\t\t<\/div>\n\t\t<\/section>\n\t\t\t\t\t\t<\/div>\n\t\t\t\t\t<\/div>\n\t\t<\/div>\n\t\t\t\t<div class=\"elementor-column elementor-col-50 elementor-top-column elementor-element elementor-element-6b24769\" data-id=\"6b24769\" data-element_type=\"column\" data-settings=\"{&quot;background_background&quot;:&quot;classic&quot;}\">\n\t\t\t<div class=\"elementor-column-wrap elementor-element-populated\">\n\t\t\t\t\t\t\t<div class=\"elementor-widget-wrap\">\n\t\t\t\t\t\t<div class=\"elementor-element elementor-element-19eb2fb elementor-widget elementor-widget-spacer\" data-id=\"19eb2fb\" data-element_type=\"widget\" data-widget_type=\"spacer.default\">\n\t\t\t\t<div class=\"elementor-widget-container\">\n\t\t\t\t\t<div class=\"elementor-spacer\">\n\t\t\t<div class=\"elementor-spacer-inner\"><\/div>\n\t\t<\/div>\n\t\t\t\t<\/div>\n\t\t\t\t<\/div>\n\t\t\t\t<div class=\"elementor-element elementor-element-f826f31 elementor-widget elementor-widget-spacer\" data-id=\"f826f31\" data-element_type=\"widget\" data-widget_type=\"spacer.default\">\n\t\t\t\t<div class=\"elementor-widget-container\">\n\t\t\t\t\t<div class=\"elementor-spacer\">\n\t\t\t<div class=\"elementor-spacer-inner\"><\/div>\n\t\t<\/div>\n\t\t\t\t<\/div>\n\t\t\t\t<\/div>\n\t\t\t\t\t\t<\/div>\n\t\t\t\t\t<\/div>\n\t\t<\/div>\n\t\t\t\t\t\t\t\t<\/div>\n\t\t\t\t\t<\/div>\n\t\t<\/section>\n\t\t\t\t<section class=\"elementor-section elementor-top-section elementor-element elementor-element-f0c0847 elementor-section-content-middle elementor-section-stretched elementor-section-boxed elementor-section-height-default elementor-section-height-default\" data-id=\"f0c0847\" data-element_type=\"section\" data-settings=\"{&quot;stretch_section&quot;:&quot;section-stretched&quot;,&quot;background_background&quot;:&quot;classic&quot;}\">\n\t\t\t\t\t\t<div class=\"elementor-container elementor-column-gap-default\">\n\t\t\t\t\t\t\t<div class=\"elementor-row\">\n\t\t\t\t\t<div class=\"elementor-column elementor-col-100 elementor-top-column elementor-element elementor-element-e4248ea\" data-id=\"e4248ea\" data-element_type=\"column\">\n\t\t\t<div class=\"elementor-column-wrap elementor-element-populated\">\n\t\t\t\t\t\t\t<div class=\"elementor-widget-wrap\">\n\t\t\t\t\t\t<div class=\"elementor-element elementor-element-2154586 elementor-widget elementor-widget-text-editor\" data-id=\"2154586\" data-element_type=\"widget\" data-widget_type=\"text-editor.default\">\n\t\t\t\t<div class=\"elementor-widget-container\">\n\t\t\t\t\t\t\t\t<div class=\"elementor-text-editor elementor-clearfix\">\n\t\t\t\t\t<p>Os sistemas de laser OcuLight\u00ae GL e TX s\u00e3o lasers de estado s\u00f3lido que aplicam luz laser verde (532 nm) de onda cont\u00ednua verdadeira para aplica\u00e7\u00f5es oft\u00e1lmicas. Os OcuLight TX e GL tamb\u00e9m est\u00e3o indicados para aplica\u00e7\u00f5es otorrinolaringol\u00f3gicas. Indica\u00e7\u00f5es de uso tanto na oftalmologia quanto na otorrinolaringologia.<\/p>\t\t\t\t\t<\/div>\n\t\t\t\t\t\t<\/div>\n\t\t\t\t<\/div>\n\t\t\t\t<section class=\"elementor-section elementor-inner-section elementor-element elementor-element-4677611 elementor-section-boxed elementor-section-height-default elementor-section-height-default\" data-id=\"4677611\" data-element_type=\"section\">\n\t\t\t\t\t\t<div class=\"elementor-container elementor-column-gap-default\">\n\t\t\t\t\t\t\t<div class=\"elementor-row\">\n\t\t\t\t\t<div class=\"elementor-column elementor-col-50 elementor-inner-column elementor-element elementor-element-7859621\" data-id=\"7859621\" data-element_type=\"column\">\n\t\t\t<div class=\"elementor-column-wrap elementor-element-populated\">\n\t\t\t\t\t\t\t<div class=\"elementor-widget-wrap\">\n\t\t\t\t\t\t<div class=\"elementor-element elementor-element-260238f elementor-widget elementor-widget-text-editor\" data-id=\"260238f\" data-element_type=\"widget\" data-widget_type=\"text-editor.default\">\n\t\t\t\t<div class=\"elementor-widget-container\">\n\t\t\t\t\t\t\t\t<div class=\"elementor-text-editor elementor-clearfix\">\n\t\t\t\t\t<p style=\"text-align: left;\"><b>Oftalmologia<\/b><\/p><ul><li style=\"text-align: left;\"><span style=\"color: #ffffff;\">Fotocoagula\u00e7\u00e3o da<\/span><\/li><li style=\"text-align: left;\"><span style=\"color: #ffffff;\"> retina<\/span><\/li><li style=\"text-align: left;\"><span style=\"color: #ffffff;\">Trabeculoplastia laser<\/span><\/li><li style=\"text-align: left;\"><span style=\"color: #ffffff;\">Iridotomia<\/span><\/li><li style=\"text-align: left;\"><span style=\"color: #ffffff;\">Iridoplastia<\/span><\/li><\/ul>\t\t\t\t\t<\/div>\n\t\t\t\t\t\t<\/div>\n\t\t\t\t<\/div>\n\t\t\t\t\t\t<\/div>\n\t\t\t\t\t<\/div>\n\t\t<\/div>\n\t\t\t\t<div class=\"elementor-column elementor-col-50 elementor-inner-column elementor-element elementor-element-e144d50\" data-id=\"e144d50\" data-element_type=\"column\">\n\t\t\t<div class=\"elementor-column-wrap elementor-element-populated\">\n\t\t\t\t\t\t\t<div class=\"elementor-widget-wrap\">\n\t\t\t\t\t\t<div class=\"elementor-element elementor-element-72d0ce7 elementor-widget elementor-widget-text-editor\" data-id=\"72d0ce7\" data-element_type=\"widget\" data-widget_type=\"text-editor.default\">\n\t\t\t\t<div class=\"elementor-widget-container\">\n\t\t\t\t\t\t\t\t<div class=\"elementor-text-editor elementor-clearfix\">\n\t\t\t\t\t<p style=\"text-align: left;\"><b>Otorrinolaringologia<\/b><\/p><ul><li style=\"text-align: left;\"><span style=\"color: #ffffff;\">Estapedectomia<\/span><\/li><li style=\"text-align: left;\"><span style=\"color: #ffffff;\">Estapedotomia<\/span><\/li><\/ul>\t\t\t\t\t<\/div>\n\t\t\t\t\t\t<\/div>\n\t\t\t\t<\/div>\n\t\t\t\t\t\t<\/div>\n\t\t\t\t\t<\/div>\n\t\t<\/div>\n\t\t\t\t\t\t\t\t<\/div>\n\t\t\t\t\t<\/div>\n\t\t<\/section>\n\t\t\t\t\t\t<\/div>\n\t\t\t\t\t<\/div>\n\t\t<\/div>\n\t\t\t\t\t\t\t\t<\/div>\n\t\t\t\t\t<\/div>\n\t\t<\/section>\n\t\t\t\t<section class=\"elementor-section elementor-top-section elementor-element elementor-element-87b613d elementor-section-stretched elementor-section-boxed elementor-section-height-default elementor-section-height-default\" data-id=\"87b613d\" data-element_type=\"section\" data-settings=\"{&quot;background_background&quot;:&quot;classic&quot;,&quot;stretch_section&quot;:&quot;section-stretched&quot;}\">\n\t\t\t\t\t\t<div class=\"elementor-container elementor-column-gap-default\">\n\t\t\t\t\t\t\t<div class=\"elementor-row\">\n\t\t\t\t\t<div class=\"elementor-column elementor-col-100 elementor-top-column elementor-element elementor-element-1943adf\" data-id=\"1943adf\" data-element_type=\"column\">\n\t\t\t<div class=\"elementor-column-wrap elementor-element-populated\">\n\t\t\t\t\t\t\t<div class=\"elementor-widget-wrap\">\n\t\t\t\t\t\t<section class=\"elementor-section elementor-inner-section elementor-element elementor-element-cfd2cea elementor-section-boxed elementor-section-height-default elementor-section-height-default\" data-id=\"cfd2cea\" data-element_type=\"section\">\n\t\t\t\t\t\t<div class=\"elementor-container elementor-column-gap-default\">\n\t\t\t\t\t\t\t<div class=\"elementor-row\">\n\t\t\t\t\t<div class=\"elementor-column elementor-col-100 elementor-inner-column elementor-element elementor-element-23abdfe\" data-id=\"23abdfe\" data-element_type=\"column\">\n\t\t\t<div class=\"elementor-column-wrap elementor-element-populated\">\n\t\t\t\t\t\t\t<div class=\"elementor-widget-wrap\">\n\t\t\t\t\t\t<div class=\"elementor-element elementor-element-161fdd8 elementor-widget elementor-widget-heading\" data-id=\"161fdd8\" data-element_type=\"widget\" data-widget_type=\"heading.default\">\n\t\t\t\t<div class=\"elementor-widget-container\">\n\t\t\t<h1 class=\"elementor-heading-title elementor-size-default\">CARACTER\u00cdSTICAS<\/h1>\t\t<\/div>\n\t\t\t\t<\/div>\n\t\t\t\t<div class=\"elementor-element elementor-element-b4e0c86 elementor-widget elementor-widget-heading\" data-id=\"b4e0c86\" data-element_type=\"widget\" data-widget_type=\"heading.default\">\n\t\t\t\t<div class=\"elementor-widget-container\">\n\t\t\t<h2 class=\"elementor-heading-title elementor-size-default\">OcuLight\u2122 GL<\/h2>\t\t<\/div>\n\t\t\t\t<\/div>\n\t\t\t\t<div class=\"elementor-element elementor-element-7102a3a elementor-widget elementor-widget-text-editor\" data-id=\"7102a3a\" data-element_type=\"widget\" data-widget_type=\"text-editor.default\">\n\t\t\t\t<div class=\"elementor-widget-container\">\n\t\t\t\t\t\t\t\t<div class=\"elementor-text-editor elementor-clearfix\">\n\t\t\t\t\t<p>Especifica\u00e7\u00f5es e Caracter\u00edsticas.<\/p>\t\t\t\t\t<\/div>\n\t\t\t\t\t\t<\/div>\n\t\t\t\t<\/div>\n\t\t\t\t\t\t<\/div>\n\t\t\t\t\t<\/div>\n\t\t<\/div>\n\t\t\t\t\t\t\t\t<\/div>\n\t\t\t\t\t<\/div>\n\t\t<\/section>\n\t\t\t\t\t\t<\/div>\n\t\t\t\t\t<\/div>\n\t\t<\/div>\n\t\t\t\t\t\t\t\t<\/div>\n\t\t\t\t\t<\/div>\n\t\t<\/section>\n\t\t\t\t<section class=\"elementor-section elementor-top-section elementor-element elementor-element-fb6bc83 elementor-section-boxed elementor-section-height-default elementor-section-height-default\" data-id=\"fb6bc83\" data-element_type=\"section\">\n\t\t\t\t\t\t<div class=\"elementor-container elementor-column-gap-default\">\n\t\t\t\t\t\t\t<div class=\"elementor-row\">\n\t\t\t\t\t<div class=\"elementor-column elementor-col-100 elementor-top-column elementor-element elementor-element-d679d17\" data-id=\"d679d17\" data-element_type=\"column\">\n\t\t\t<div class=\"elementor-column-wrap elementor-element-populated\">\n\t\t\t\t\t\t\t<div class=\"elementor-widget-wrap\">\n\t\t\t\t\t\t<div class=\"elementor-element elementor-element-74e17eb ha-content--column ha-align--flex-start ha-icon--row elementor-widget elementor-widget-ha-feature-list happy-addon ha-feature-list happy-addon-pro\" data-id=\"74e17eb\" data-element_type=\"widget\" data-widget_type=\"ha-feature-list.default\">\n\t\t\t\t<div class=\"elementor-widget-container\">\n\t\t\t\n        <ul class=\"ha-feature-list-wrap\">\n                            <li class=\"ha-list-item\">\n                                            <div class=\"ha-content\">\n                    \n\t\t\t\t\t\t                            <div class=\"ha-icon icon\">\n\t\t\t\t\t\t\t\t<i aria-hidden=\"true\" class=\"fas fa-chevron-circle-right\"><\/i>                            <\/div>\n                        \n                        <div class=\"ha-text\">\n                            Comprimento de onda: 532 nm Verde                        <\/div>\n\n                                        <\/div>\n                                    <\/li>\n                            <li class=\"ha-list-item\">\n                                            <div class=\"ha-content\">\n                    \n\t\t\t\t\t\t                            <div class=\"ha-icon icon\">\n\t\t\t\t\t\t\t\t<i aria-hidden=\"true\" class=\"fas fa-chevron-circle-right\"><\/i>                            <\/div>\n                        \n                        <div class=\"ha-text\">\n                            Peso: <6,0 kg (13,2 lb)                        <\/div>\n\n                                        <\/div>\n                                    <\/li>\n                            <li class=\"ha-list-item\">\n                                            <div class=\"ha-content\">\n                    \n\t\t\t\t\t\t                            <div class=\"ha-icon icon\">\n\t\t\t\t\t\t\t\t<i aria-hidden=\"true\" class=\"fas fa-chevron-circle-right\"><\/i>                            <\/div>\n                        \n                        <div class=\"ha-text\">\n                            Dimens\u00f5es: 30 cm x 30 cm x 15 cm (12 em L x 12 em P x 6 em A)                        <\/div>\n\n                                        <\/div>\n                                    <\/li>\n                            <li class=\"ha-list-item\">\n                                            <div class=\"ha-content\">\n                    \n\t\t\t\t\t\t                            <div class=\"ha-icon icon\">\n\t\t\t\t\t\t\t\t<i aria-hidden=\"true\" class=\"fas fa-chevron-circle-right\"><\/i>                            <\/div>\n                        \n                        <div class=\"ha-text\">\n                            Tipo de Conector: Resistor El\u00e9trica: 100\u2013240 VAC, 50\/60 Hz                        <\/div>\n\n                                        <\/div>\n                                    <\/li>\n                            <li class=\"ha-list-item\">\n                                            <div class=\"ha-content\">\n                    \n\t\t\t\t\t\t                            <div class=\"ha-icon icon\">\n\t\t\t\t\t\t\t\t<i aria-hidden=\"true\" class=\"fas fa-chevron-circle-right\"><\/i>                            <\/div>\n                        \n                        <div class=\"ha-text\">\n                            Resfriamento: Ventilador Whisper com resfriamento Peltier                        <\/div>\n\n                                        <\/div>\n                                    <\/li>\n                            <li class=\"ha-list-item\">\n                                            <div class=\"ha-content\">\n                    \n\t\t\t\t\t\t                            <div class=\"ha-icon icon\">\n\t\t\t\t\t\t\t\t<i aria-hidden=\"true\" class=\"fas fa-chevron-circle-right\"><\/i>                            <\/div>\n                        \n                        <div class=\"ha-text\">\n                            Dura\u00e7\u00e3o da exposi\u00e7\u00e3o: CW-Pulse\u2122: 30\u20131000 ms                        <\/div>\n\n                                        <\/div>\n                                    <\/li>\n                            <li class=\"ha-list-item\">\n                                            <div class=\"ha-content\">\n                    \n\t\t\t\t\t\t                            <div class=\"ha-icon icon\">\n\t\t\t\t\t\t\t\t<i aria-hidden=\"true\" class=\"fas fa-chevron-circle-right\"><\/i>                            <\/div>\n                        \n                        <div class=\"ha-text\">\n                            Intervalo de exposi\u00e7\u00e3o: CW-Pulse: 30\u20131000 ms                        <\/div>\n\n                                        <\/div>\n                                    <\/li>\n                            <li class=\"ha-list-item\">\n                                            <div class=\"ha-content\">\n                    \n\t\t\t\t\t\t                            <div class=\"ha-icon icon\">\n\t\t\t\t\t\t\t\t<i aria-hidden=\"true\" class=\"fas fa-chevron-circle-right\"><\/i>                            <\/div>\n                        \n                        <div class=\"ha-text\">\n                            Laser de mira: Laser de diodo, 635 nm nominal                        <\/div>\n\n                                        <\/div>\n                                    <\/li>\n                            <li class=\"ha-list-item\">\n                                            <div class=\"ha-content\">\n                    \n\t\t\t\t\t\t                            <div class=\"ha-icon icon\">\n\t\t\t\t\t\t\t\t<i aria-hidden=\"true\" class=\"fas fa-chevron-circle-right\"><\/i>                            <\/div>\n                        \n                        <div class=\"ha-text\">\n                            SLA do dispositivo de entrega: 0\u20131200 mW Pot\u00eancia de sa\u00edda: LIO: 0\u20131500 mW                        <\/div>\n\n                                        <\/div>\n                                    <\/li>\n                            <li class=\"ha-list-item\">\n                                            <div class=\"ha-content\">\n                    \n\t\t\t\t\t\t                            <div class=\"ha-icon icon\">\n\t\t\t\t\t\t\t\t<i aria-hidden=\"true\" class=\"fas fa-chevron-circle-right\"><\/i>                            <\/div>\n                        \n                        <div class=\"ha-text\">\n                            EndoProbe\u00ae: 0\u20131500 mW                        <\/div>\n\n                                        <\/div>\n                                    <\/li>\n                    <\/ul>\n\n        \t\t<\/div>\n\t\t\t\t<\/div>\n\t\t\t\t\t\t<\/div>\n\t\t\t\t\t<\/div>\n\t\t<\/div>\n\t\t\t\t\t\t\t\t<\/div>\n\t\t\t\t\t<\/div>\n\t\t<\/section>\n\t\t\t\t<section class=\"elementor-section elementor-top-section elementor-element elementor-element-7a22611 elementor-section-content-middle elementor-section-stretched elementor-section-boxed elementor-section-height-default elementor-section-height-default\" data-id=\"7a22611\" data-element_type=\"section\" data-settings=\"{&quot;stretch_section&quot;:&quot;section-stretched&quot;,&quot;background_background&quot;:&quot;classic&quot;}\">\n\t\t\t\t\t\t<div class=\"elementor-container elementor-column-gap-default\">\n\t\t\t\t\t\t\t<div class=\"elementor-row\">\n\t\t\t\t\t<div class=\"elementor-column elementor-col-100 elementor-top-column elementor-element elementor-element-f73b820\" data-id=\"f73b820\" data-element_type=\"column\">\n\t\t\t<div class=\"elementor-column-wrap elementor-element-populated\">\n\t\t\t\t\t\t\t<div class=\"elementor-widget-wrap\">\n\t\t\t\t\t\t<div class=\"elementor-element elementor-element-890113e elementor-widget elementor-widget-text-editor\" data-id=\"890113e\" data-element_type=\"widget\" data-widget_type=\"text-editor.default\">\n\t\t\t\t<div class=\"elementor-widget-container\">\n\t\t\t\t\t\t\t\t<div class=\"elementor-text-editor elementor-clearfix\">\n\t\t\t\t\t<p style=\"text-align: center;\">A Drycom Iridex n\u00e3o faz recomenda\u00e7\u00f5es sobre a pr\u00e1tica da medicina. Refer\u00eancias na literatura s\u00e3o fornecidas como um guia.&nbsp;<span style=\"color: var( --e-global-color-text ); word-spacing: normal;\">O tratamento individual deve ser baseado em treinamento cl\u00ednico, observa\u00e7\u00e3o cl\u00ednica da intera\u00e7\u00e3o laser-tecido e desfechos cl\u00ednicos apropriados.<\/span><\/p>\t\t\t\t\t<\/div>\n\t\t\t\t\t\t<\/div>\n\t\t\t\t<\/div>\n\t\t\t\t\t\t<\/div>\n\t\t\t\t\t<\/div>\n\t\t<\/div>\n\t\t\t\t\t\t\t\t<\/div>\n\t\t\t\t\t<\/div>\n\t\t<\/section>\n\t\t\t\t\t\t<\/div>\n\t\t\t\t\t\t<\/div>\n\t\t\t\t\t<\/div>\n\t\t","protected":false},"excerpt":{"rendered":"<p>OcuLight\u2122 GL Para fotocoagula\u00e7\u00e3o retiniana e trabeculoplastia a laser. OcuLight GL s\u00e3o lasers de estado s\u00f3lido que fornecem verdadeira luz laser verde de onda cont\u00ednua para aplica\u00e7\u00f5es oft\u00e1lmicas. Os OcuLight GL tamb\u00e9m s\u00e3o indicados para aplica\u00e7\u00f5es otorrinolaringol\u00f3gicas. O uso inadequado do sistema de laser pode resultar em efeitos adversos.\u00a0 A fam\u00edlia OcuLight de fotocoaguladores a&hellip;<\/p>\n","protected":false},"author":1,"featured_media":0,"parent":3107,"menu_order":3,"comment_status":"closed","ping_status":"closed","template":"","meta":[],"_links":{"self":[{"href":"https:\/\/drycom.com.br\/site\/wp-json\/wp\/v2\/pages\/3157"}],"collection":[{"href":"https:\/\/drycom.com.br\/site\/wp-json\/wp\/v2\/pages"}],"about":[{"href":"https:\/\/drycom.com.br\/site\/wp-json\/wp\/v2\/types\/page"}],"author":[{"embeddable":true,"href":"https:\/\/drycom.com.br\/site\/wp-json\/wp\/v2\/users\/1"}],"replies":[{"embeddable":true,"href":"https:\/\/drycom.com.br\/site\/wp-json\/wp\/v2\/comments?post=3157"}],"version-history":[{"count":19,"href":"https:\/\/drycom.com.br\/site\/wp-json\/wp\/v2\/pages\/3157\/revisions"}],"predecessor-version":[{"id":3965,"href":"https:\/\/drycom.com.br\/site\/wp-json\/wp\/v2\/pages\/3157\/revisions\/3965"}],"up":[{"embeddable":true,"href":"https:\/\/drycom.com.br\/site\/wp-json\/wp\/v2\/pages\/3107"}],"wp:attachment":[{"href":"https:\/\/drycom.com.br\/site\/wp-json\/wp\/v2\/media?parent=3157"}],"curies":[{"name":"wp","href":"https:\/\/api.w.org\/{rel}","templated":true}]}}