{"id":285,"date":"2019-02-10T00:18:26","date_gmt":"2019-02-10T00:18:26","guid":{"rendered":"https:\/\/drycom.com.br\/site\/?page_id=285"},"modified":"2026-04-30T14:46:39","modified_gmt":"2026-04-30T14:46:39","slug":"aondeencontrar","status":"publish","type":"page","link":"https:\/\/drycom.com.br\/site\/aondeencontrar\/","title":{"rendered":"Onde encontrar"},"content":{"rendered":"\t\t<div data-elementor-type=\"wp-post\" data-elementor-id=\"285\" class=\"elementor elementor-285\" data-elementor-settings=\"[]\">\n\t\t\t\t\t\t<div class=\"elementor-inner\">\n\t\t\t\t\t\t\t<div class=\"elementor-section-wrap\">\n\t\t\t\t\t\t\t<section class=\"elementor-section elementor-top-section elementor-element elementor-element-7223b41d elementor-section-stretched elementor-section-boxed elementor-section-height-default elementor-section-height-default\" data-id=\"7223b41d\" data-element_type=\"section\" data-settings=\"{&quot;stretch_section&quot;:&quot;section-stretched&quot;,&quot;background_background&quot;:&quot;classic&quot;}\">\n\t\t\t\t\t\t\t<div class=\"elementor-background-overlay\"><\/div>\n\t\t\t\t\t\t\t<div class=\"elementor-container elementor-column-gap-default\">\n\t\t\t\t\t\t\t<div class=\"elementor-row\">\n\t\t\t\t\t<div class=\"elementor-column elementor-col-100 elementor-top-column elementor-element elementor-element-141d801\" data-id=\"141d801\" data-element_type=\"column\">\n\t\t\t<div class=\"elementor-column-wrap elementor-element-populated\">\n\t\t\t\t\t\t\t<div class=\"elementor-widget-wrap\">\n\t\t\t\t\t\t<div class=\"elementor-element elementor-element-70a11a9f elementor-widget elementor-widget-heading\" data-id=\"70a11a9f\" data-element_type=\"widget\" data-widget_type=\"heading.default\">\n\t\t\t\t<div class=\"elementor-widget-container\">\n\t\t\t<h2 class=\"elementor-heading-title elementor-size-default\">ENCONTRE UM E-EYE IRPL \u00ae PERTO DE VOC\u00ca.<\/h2>\t\t<\/div>\n\t\t\t\t<\/div>\n\t\t\t\t<div class=\"elementor-element elementor-element-233693c5 elementor-widget elementor-widget-text-editor\" data-id=\"233693c5\" data-element_type=\"widget\" data-widget_type=\"text-editor.default\">\n\t\t\t\t<div class=\"elementor-widget-container\">\n\t\t\t\t\t\t\t\t<div class=\"elementor-text-editor elementor-clearfix\">\n\t\t\t\t\t<p>Voc\u00ea est\u00e1 em: Home \/\u00a0Encontre um\u00a0 E-EYE IRPL \u00ae perto de Voc\u00ea<\/p>\t\t\t\t\t<\/div>\n\t\t\t\t\t\t<\/div>\n\t\t\t\t<\/div>\n\t\t\t\t\t\t<\/div>\n\t\t\t\t\t<\/div>\n\t\t<\/div>\n\t\t\t\t\t\t\t\t<\/div>\n\t\t\t\t\t<\/div>\n\t\t<\/section>\n\t\t\t\t<section class=\"elementor-section elementor-top-section elementor-element elementor-element-809af87 elementor-section-stretched elementor-section-boxed elementor-section-height-default elementor-section-height-default\" data-id=\"809af87\" data-element_type=\"section\" data-settings=\"{&quot;stretch_section&quot;:&quot;section-stretched&quot;}\">\n\t\t\t\t\t\t<div class=\"elementor-container elementor-column-gap-default\">\n\t\t\t\t\t\t\t<div class=\"elementor-row\">\n\t\t\t\t\t<div class=\"elementor-column elementor-col-100 elementor-top-column elementor-element elementor-element-dbf972a\" data-id=\"dbf972a\" data-element_type=\"column\">\n\t\t\t<div class=\"elementor-column-wrap elementor-element-populated\">\n\t\t\t\t\t\t\t<div class=\"elementor-widget-wrap\">\n\t\t\t\t\t\t<div class=\"elementor-element elementor-element-5561641 elementor-widget elementor-widget-heading\" data-id=\"5561641\" data-element_type=\"widget\" data-widget_type=\"heading.default\">\n\t\t\t\t<div class=\"elementor-widget-container\">\n\t\t\t<h2 class=\"elementor-heading-title elementor-size-default\">Aonde encontrar um E-Eye IRPL \u00ae perto de voc\u00ea! <\/h2>\t\t<\/div>\n\t\t\t\t<\/div>\n\t\t\t\t<div class=\"elementor-element elementor-element-84184ca elementor-widget elementor-widget-text-editor\" data-id=\"84184ca\" data-element_type=\"widget\" data-widget_type=\"text-editor.default\">\n\t\t\t\t<div class=\"elementor-widget-container\">\n\t\t\t\t\t\t\t\t<div class=\"elementor-text-editor elementor-clearfix\">\n\t\t\t\t\t<p>Clinicas onde encontrar um E-Eye IRPL \u00ae perto de voc\u00ea!<\/p>\t\t\t\t\t<\/div>\n\t\t\t\t\t\t<\/div>\n\t\t\t\t<\/div>\n\t\t\t\t\t\t<\/div>\n\t\t\t\t\t<\/div>\n\t\t<\/div>\n\t\t\t\t\t\t\t\t<\/div>\n\t\t\t\t\t<\/div>\n\t\t<\/section>\n\t\t\t\t<section class=\"elementor-section elementor-top-section elementor-element elementor-element-025ac12 elementor-section-stretched animated-slow elementor-section-boxed elementor-section-height-default elementor-section-height-default elementor-invisible\" data-id=\"025ac12\" data-element_type=\"section\" data-settings=\"{&quot;stretch_section&quot;:&quot;section-stretched&quot;,&quot;animation&quot;:&quot;fadeInLeft&quot;}\">\n\t\t\t\t\t\t<div class=\"elementor-container elementor-column-gap-default\">\n\t\t\t\t\t\t\t<div class=\"elementor-row\">\n\t\t\t\t\t<div class=\"elementor-column elementor-col-100 elementor-top-column elementor-element elementor-element-869d11b\" data-id=\"869d11b\" data-element_type=\"column\">\n\t\t\t<div class=\"elementor-column-wrap elementor-element-populated\">\n\t\t\t\t\t\t\t<div class=\"elementor-widget-wrap\">\n\t\t\t\t\t\t<div class=\"elementor-element elementor-element-938b368 elementor-widget elementor-widget-html\" data-id=\"938b368\" data-element_type=\"widget\" data-widget_type=\"html.default\">\n\t\t\t\t<div class=\"elementor-widget-container\">\n\t\t\t\r\n\r\n\r\n\r\n\r\n<select style=\"width:100%;height:100px; font-size:21px; background-color:#4054b2; color:#fff; border-color:#fff; opacity:0.8;\" onchange=\"this.options[this.selectedIndex].value && (window.location = this.options[this.selectedIndex].value);\">\r\n\r\n<option value=\"\">Selecione a cidade..                                    <\/option>\r\n<option value=\"araguari\">Araguari - MG                                  <\/option>\r\n\r\n\r\n<\/option>\r\n<option value=\"andradina-sp\">Andradina - SP                                  <\/option>\r\n\r\n\r\n<option value=\"brasiliadf\"> Bras\u00edlia- DF\r\n\r\n<\/option>\r\n\r\n\r\n<option value=\"hospitaldeolhosbarretos\"> Barretos - SP\r\n\r\n<\/option>\r\n\r\n<option value=\"barra-de-sao-francisco-es\"> Barra de S\u00e3o Francisco - ES\r\n\r\n<\/option>\r\n\r\n\r\n\r\n\r\n\r\n\r\n<option value=\"belohorizontemg\">Belo Horizonte - MG                     <\/option>\r\n\r\n\r\n<option value=\"bentogoncalvesrs\">Bento Gon\u00e7alves - RS                     <\/option>\r\n\r\n<option value=\"belempa\">Bel\u00e9m - PA   <\/option>\r\n\r\n<option value=\"caratinga-mg\">\r\n    Caratinga - MG\r\n    <\/option>\r\n\r\n\r\n<option value=\"colatinaes\">\r\nColatina - ES<\/option>\r\n\r\n<option value=\"paranapr\"> Curitiba - PR  <\/option>\r\n<option value=\"cascavel-pr\"> Cascavel - PR  <\/option>\r\n<option value=\"campo-mourao-pr\">Campo Mour\u00e3o - PR <\/option>\r\n\r\n\r\n\r\n\r\n\r\n<option value=\"campograndems\"> Campo Grande - MS        <\/option>\r\n<option value=\"caxiasdosulrs\/\"> Caxias do Sul - RS      <\/option>\r\n\r\n\r\n\r\n<option value=\"chapeco-sc\/\"> Chapec\u00f3 - SC      <\/option>\r\n<option value=\"criciumasc\/\"> Criciuma - SC      <\/option>\r\n\r\n\r\n\r\n<option value=\"dracena-sp\"> Dracena - SP    <\/option>\r\n\r\n\r\n\r\n<option value=\"feiradesantana-ba\"> Feira de Santana - BA\r\n\r\n<\/option>\r\n\r\n<option value=\"clinica-conttemple\/\"> Francisco Beltr\u00e3o - PR      <\/option>\r\n\r\n<option value=\"fortalezace\/\"> Fortaleza - CE        <\/option>\r\n\r\n\r\n\r\n<option value=\"FloripaSC\"> Florian\u00f3polis - SC      <\/option>\r\n<option value=\"goianiago\/\"> Goi\u00e2nia - GO        <\/option>\r\n\r\n<option value=\"guarapuavapr\"> Guarapuava - PR    <\/option>\r\n\r\n\r\n\r\n<option value=\"maranhaoma\"> Imperatriz - MA       <\/option>\r\n\r\n<option value=\"ituveravasp\">Ituverava \u2013 SP<\/option>\r\n\r\n\r\n\r\n \r\n<option value=\"juizdefora\">Juiz de Fora - MG   <\/option>\r\n<option value=\"juazeiro-do-norte-ce\">Juazeiro do Norte - CE<\/option>\r\n\r\n<option value=\"londrina\">Londrina - PR   <\/option>\r\n\r\n\r\n\r\n<option value=\"lages-sc\/\"> Lages - SC      <\/option>\r\n\r\n\r\n\r\n<option value=\"maceioal\"> Macei\u00f3 - AL            <\/option>\r\n<option value=\"manausam\"> Manaus - AM        <\/option>\r\n\r\n\r\n\r\n<option value=\"ms-visao-jardim-ms\">Mato Grosso do Sul - MS <\/option>\r\n<option value=\"maringa-pr\">Maring\u00e1 - PR   <\/option>\r\n<option value=\"mafra-sc\"> Mafra - SC            <\/option>\r\n\r\n<option value=\"natalrn\"> Natal - RN            <\/option>\r\n<option value=\"niteroirj\"> Niter\u00f3i - RJ   <\/option>\r\n\r\n\r\n\r\n\r\n<option value=\"hopg-ponta-grossa-pr\"> Ponta Grossa - PR      <\/option>\r\n\r\n<option value=\"portoalegrers\/\"> Porto Alegre - RS      <\/option>\r\n\r\n<option value=\"porto-velho-ro\/\"> Porto Velho - RO <\/option>\r\n\r\n<option value=\"patobranco-pr\">Pato Branco - PR   <\/option>\r\n\r\n\r\n<option value=\"recifepe2\"> Recife - PE            <\/option>\r\n\r\n<option value=\"riodejaneirorj\"> Rio de Janeiro - RJ   <\/option>\r\n\r\n<option value=\"isa-maria-b-m-s-jordao---sao-luis---ma\r\n\">\r\nS\u00e3o Lu\u00eds - MA\r\n<\/option>\r\n<option value=\"santossp\"> Santos - SP        <\/option>\r\n\r\n<option value=\"santarem-pa\"> Santar\u00e9m - PA        <\/option>\r\n\r\n\r\n\r\n<option value=\"saopaulosp\"> S\u00e3o Paulo - SP        <\/option>\r\n\r\n<option value=\"saocarlossp\"> S\u00e3o Carlos - SP        <\/option>\r\n\r\n<option value=\"salvadorba\"> Salvador - BA      <\/option>\r\n\r\n<option value=\"santoangelo-rs\"> Santo \u00c2ngelo - RS     <\/option> \r\n \r\n\r\n<option value=\"uberlandiamg\">Uberl\u00e2ndia - MG   <\/option>\r\n\r\n<option value=\"uberabamg\">Uberaba - MG   <\/option>\r\n\r\n\r\n<option value=\"selecao-umuaramapr\">Umuarama \u2013 PR <\/option>\r\n\r\n<option value=\"vicosamg\">\r\nVi\u00e7osa - MG<\/option>\r\n\r\n\r\n<option value=\"vitoria-es\">Vit\u00f3ria - ES   <\/option>\r\n\r\n\r\n\r\n<\/option>\r\n<\/select>\t\t<\/div>\n\t\t\t\t<\/div>\n\t\t\t\t\t\t<\/div>\n\t\t\t\t\t<\/div>\n\t\t<\/div>\n\t\t\t\t\t\t\t\t<\/div>\n\t\t\t\t\t<\/div>\n\t\t<\/section>\n\t\t\t\t<section class=\"elementor-section elementor-top-section elementor-element elementor-element-a4202a3 elementor-section-boxed elementor-section-height-default elementor-section-height-default\" data-id=\"a4202a3\" data-element_type=\"section\">\n\t\t\t\t\t\t<div class=\"elementor-container elementor-column-gap-default\">\n\t\t\t\t\t\t\t<div class=\"elementor-row\">\n\t\t\t\t\t<div class=\"elementor-column elementor-col-100 elementor-top-column elementor-element elementor-element-7a56ddb\" data-id=\"7a56ddb\" data-element_type=\"column\">\n\t\t\t<div class=\"elementor-column-wrap\">\n\t\t\t\t\t\t\t<div class=\"elementor-widget-wrap\">\n\t\t\t\t\t\t\t\t<\/div>\n\t\t\t\t\t<\/div>\n\t\t<\/div>\n\t\t\t\t\t\t\t\t<\/div>\n\t\t\t\t\t<\/div>\n\t\t<\/section>\n\t\t\t\t\t\t<\/div>\n\t\t\t\t\t\t<\/div>\n\t\t\t\t\t<\/div>\n\t\t","protected":false},"excerpt":{"rendered":"<p>ENCONTRE UM E-EYE IRPL \u00ae PERTO DE VOC\u00ca. Voc\u00ea est\u00e1 em: Home \/\u00a0Encontre um\u00a0 E-EYE IRPL \u00ae perto de Voc\u00ea Aonde encontrar um E-Eye IRPL \u00ae perto de voc\u00ea! Clinicas onde encontrar um E-Eye IRPL \u00ae perto de voc\u00ea! Selecione a cidade.. Araguari &#8211; MG Andradina &#8211; SP Bras\u00edlia- DF Barretos &#8211; SP Barra de&hellip;<\/p>\n","protected":false},"author":1,"featured_media":0,"parent":0,"menu_order":0,"comment_status":"closed","ping_status":"closed","template":"","meta":[],"_links":{"self":[{"href":"https:\/\/drycom.com.br\/site\/wp-json\/wp\/v2\/pages\/285"}],"collection":[{"href":"https:\/\/drycom.com.br\/site\/wp-json\/wp\/v2\/pages"}],"about":[{"href":"https:\/\/drycom.com.br\/site\/wp-json\/wp\/v2\/types\/page"}],"author":[{"embeddable":true,"href":"https:\/\/drycom.com.br\/site\/wp-json\/wp\/v2\/users\/1"}],"replies":[{"embeddable":true,"href":"https:\/\/drycom.com.br\/site\/wp-json\/wp\/v2\/comments?post=285"}],"version-history":[{"count":154,"href":"https:\/\/drycom.com.br\/site\/wp-json\/wp\/v2\/pages\/285\/revisions"}],"predecessor-version":[{"id":5252,"href":"https:\/\/drycom.com.br\/site\/wp-json\/wp\/v2\/pages\/285\/revisions\/5252"}],"wp:attachment":[{"href":"https:\/\/drycom.com.br\/site\/wp-json\/wp\/v2\/media?parent=285"}],"curies":[{"name":"wp","href":"https:\/\/api.w.org\/{rel}","templated":true}]}}